{"id":125,"date":"2020-06-26T13:14:16","date_gmt":"2020-06-26T11:14:16","guid":{"rendered":"https:\/\/tediamant.dk\/?page_id=125"},"modified":"2025-09-19T08:44:28","modified_gmt":"2025-09-19T06:44:28","slug":"t-e-diamant-boring-og-skaering","status":"publish","type":"page","link":"https:\/\/tediamant.dk\/da_dk\/","title":{"rendered":"T.E. Diamantboring"},"content":{"rendered":"<p>[et_pb_section fb_built=&#8221;1&#8243; fullwidth=&#8221;on&#8221; disabled_on=&#8221;off|off|off&#8221; admin_label=&#8221;Header Section&#8221; _builder_version=&#8221;4.16&#8243; background_color=&#8221;rgba(0,0,0,0)&#8221; custom_padding=&#8221;|||&#8221; global_colors_info=&#8221;{}&#8221;][et_pb_fullwidth_post_title _builder_version=&#8221;4.16&#8243; background_image=&#8221;https:\/\/tediamant.dk\/wp-content\/uploads\/2020\/06\/tediamant.jpg&#8221; min_height=&#8221;947px&#8221; custom_margin=&#8221;-211px|||||&#8221; global_colors_info=&#8221;{}&#8221;][\/et_pb_fullwidth_post_title][\/et_pb_section][et_pb_section fb_built=&#8221;1&#8243; _builder_version=&#8221;4.16&#8243; _module_preset=&#8221;default&#8221; custom_padding=&#8221;29px|||||&#8221; global_colors_info=&#8221;{}&#8221;][et_pb_row column_structure=&#8221;1_4,1_4,1_4,1_4&#8243; _builder_version=&#8221;4.16&#8243; _module_preset=&#8221;default&#8221; global_colors_info=&#8221;{}&#8221;][et_pb_column type=&#8221;1_4&#8243; _builder_version=&#8221;4.16&#8243; _module_preset=&#8221;default&#8221; global_colors_info=&#8221;{}&#8221;][et_pb_image src=&#8221;https:\/\/tediamant.dk\/wp-content\/uploads\/2022\/05\/Email_Signatur_Julemaerkefonden.jpg&#8221; title_text=&#8221;Julem\u00e6rkefonden&#8221; url=&#8221;https:\/\/www.julemaerket.dk\/&#8221; url_new_window=&#8221;on&#8221; align=&#8221;center&#8221; _builder_version=&#8221;4.17.4&#8243; _module_preset=&#8221;default&#8221; global_colors_info=&#8221;{}&#8221;][\/et_pb_image][\/et_pb_column][et_pb_column type=&#8221;1_4&#8243; _builder_version=&#8221;4.16&#8243; _module_preset=&#8221;default&#8221; global_colors_info=&#8221;{}&#8221;][et_pb_image src=&#8221;https:\/\/tediamant.dk\/wp-content\/uploads\/2020\/10\/Skaermbillede-2020-10-06-082911.png&#8221; title_text=&#8221;Medlem af Femern Business Suppliers&#8221; url=&#8221;https:\/\/fbsuppliers.dk\/&#8221; url_new_window=&#8221;on&#8221; _builder_version=&#8221;4.16&#8243; _module_preset=&#8221;default&#8221; global_colors_info=&#8221;{}&#8221;][\/et_pb_image][\/et_pb_column][et_pb_column type=&#8221;1_4&#8243; _builder_version=&#8221;4.16&#8243; _module_preset=&#8221;default&#8221; global_colors_info=&#8221;{}&#8221;][et_pb_image src=&#8221;https:\/\/tediamant.dk\/wp-content\/uploads\/2020\/10\/Medlem-af_DI-Dansk-Byggeri-rgb.png&#8221; title_text=&#8221;Medlem af DI Dansk Byggeri&#8221; url=&#8221;https:\/\/www.danskindustri.dk\/brancher\/di-dansk-byggeri\/&#8221; url_new_window=&#8221;on&#8221; _builder_version=&#8221;4.16&#8243; _module_preset=&#8221;default&#8221; global_colors_info=&#8221;{}&#8221;][\/et_pb_image][\/et_pb_column][et_pb_column type=&#8221;1_4&#8243; _builder_version=&#8221;4.16&#8243; _module_preset=&#8221;default&#8221; global_colors_info=&#8221;{}&#8221;][et_pb_social_media_follow _builder_version=&#8221;4.16&#8243; _module_preset=&#8221;default&#8221; global_colors_info=&#8221;{}&#8221;][et_pb_social_media_follow_network social_network=&#8221;facebook&#8221; url=&#8221;https:\/\/www.facebook.com\/tediamantskaering&#8221; _builder_version=&#8221;4.16&#8243; _module_preset=&#8221;default&#8221; background_color=&#8221;#3b5998&#8243; global_colors_info=&#8221;{}&#8221; follow_button=&#8221;off&#8221; url_new_window=&#8221;on&#8221;]facebook[\/et_pb_social_media_follow_network][et_pb_social_media_follow_network social_network=&#8221;linkedin&#8221; url=&#8221;https:\/\/www.linkedin.com\/company\/t-e-diamant&#8221; _builder_version=&#8221;4.16&#8243; _module_preset=&#8221;default&#8221; background_color=&#8221;#007bb6&#8243; global_colors_info=&#8221;{}&#8221; follow_button=&#8221;off&#8221; url_new_window=&#8221;on&#8221;]linkedin[\/et_pb_social_media_follow_network][\/et_pb_social_media_follow][\/et_pb_column][\/et_pb_row][\/et_pb_section][et_pb_section fb_built=&#8221;1&#8243; _builder_version=&#8221;4.17.4&#8243; _module_preset=&#8221;default&#8221; background_color=&#8221;#000000&#8243; background_enable_pattern_style=&#8221;on&#8221; background_pattern_style=&#8221;diagonal-stripes&#8221; background_pattern_color=&#8221;rgba(45,45,45,0.2)&#8221; background_pattern_transform=&#8221;flip_horizontal&#8221; global_colors_info=&#8221;{}&#8221;][et_pb_row _builder_version=&#8221;4.16&#8243; _module_preset=&#8221;default&#8221; global_colors_info=&#8221;{}&#8221;][et_pb_column type=&#8221;4_4&#8243; _builder_version=&#8221;4.16&#8243; _module_preset=&#8221;default&#8221; global_colors_info=&#8221;{}&#8221;][et_pb_text _builder_version=&#8221;4.16&#8243; _module_preset=&#8221;default&#8221; text_font=&#8221;|700|||||||&#8221; background_layout=&#8221;dark&#8221; text_text_shadow_style=&#8221;preset5&#8243; text_text_shadow_color=&#8221;#dddddd&#8221; global_colors_info=&#8221;{}&#8221;]<\/p>\n<h1 style=\"text-align: center;\">Herunder et lille udsnit af vores mange opgaver<\/h1>\n<p>[\/et_pb_text][\/et_pb_column][\/et_pb_row][\/et_pb_section][et_pb_section fb_built=&#8221;1&#8243; _builder_version=&#8221;4.16&#8243; _module_preset=&#8221;default&#8221; custom_padding=&#8221;1px|||||&#8221; global_colors_info=&#8221;{}&#8221;][et_pb_row _builder_version=&#8221;4.16&#8243; _module_preset=&#8221;default&#8221; custom_padding=&#8221;0px|||||&#8221; global_colors_info=&#8221;{}&#8221;][et_pb_column type=&#8221;4_4&#8243; _builder_version=&#8221;4.16&#8243; _module_preset=&#8221;default&#8221; global_colors_info=&#8221;{}&#8221;][et_pb_post_slider show_meta=&#8221;off&#8221; _builder_version=&#8221;4.17.4&#8243; _module_preset=&#8221;default&#8221; global_colors_info=&#8221;{}&#8221;][\/et_pb_post_slider][\/et_pb_column][\/et_pb_row][\/et_pb_section][et_pb_section fb_built=&#8221;1&#8243; admin_label=&#8221;Video Section&#8221; _builder_version=&#8221;4.17.4&#8243; background_color=&#8221;#1d140b&#8221; background_enable_pattern_style=&#8221;on&#8221; background_pattern_style=&#8221;diagonal-stripes&#8221; background_pattern_color=&#8221;rgba(63,63,63,0.2)&#8221; custom_margin=&#8221;-91px||||false|false&#8221; custom_padding=&#8221;||||false|false&#8221; saved_tabs=&#8221;all&#8221; collapsed=&#8221;off&#8221; global_colors_info=&#8221;{}&#8221;][et_pb_row column_structure=&#8221;1_4,1_2,1_4&#8243; _builder_version=&#8221;4.16&#8243; _module_preset=&#8221;default&#8221; global_colors_info=&#8221;{}&#8221;][et_pb_column type=&#8221;1_4&#8243; _builder_version=&#8221;4.16&#8243; _module_preset=&#8221;default&#8221; global_colors_info=&#8221;{}&#8221;][\/et_pb_column][et_pb_column type=&#8221;1_2&#8243; _builder_version=&#8221;4.16&#8243; _module_preset=&#8221;default&#8221; global_colors_info=&#8221;{}&#8221;][et_pb_text _builder_version=&#8221;4.22.1&#8243; _module_preset=&#8221;default&#8221; text_text_color=&#8221;#ffffff&#8221; header_2_text_color=&#8221;#ffffff&#8221; hover_enabled=&#8221;0&#8243; global_colors_info=&#8221;{}&#8221; sticky_enabled=&#8221;0&#8243;]<\/p>\n<h2><strong>KONTAKT &#8211; T.E. Diamantboring Aps<\/strong><\/h2>\n<p><strong>TELEFON<\/strong>: <a href=\"tel:40113090\">+(45) 40 11 30 90<\/a><br \/><strong>SKRIV MAIL: <\/strong><a href=\"mailto:te@tediamant.dk\">te@tediamant.dk<\/a><br \/><strong>ADRESSE: <\/strong>Stibankevejen 6, 4920 S\u00f8llested<\/p>\n<p>&nbsp;<\/p>\n<p>[\/et_pb_text][\/et_pb_column][et_pb_column type=&#8221;1_4&#8243; _builder_version=&#8221;4.16&#8243; _module_preset=&#8221;default&#8221; global_colors_info=&#8221;{}&#8221;][\/et_pb_column][\/et_pb_row][\/et_pb_section]<\/p>\n","protected":false},"excerpt":{"rendered":"<p>T.E. Diamantboring i asfalt ,beton ,granit og fliser. Sk\u00e6ring af gulv, v\u00e6g, k\u00e6lder, tag, beton, asfalt, trappehuller og sk\u00e6ring af elevatorhuller. Vi borer og sk\u00e6rer hovedsageligt p\u00e5 Sydsj\u00e6lland og Lolland-Falster.<\/p>\n","protected":false},"author":1,"featured_media":0,"parent":0,"menu_order":0,"comment_status":"closed","ping_status":"closed","template":"page-template-blank.php","meta":{"_et_pb_use_builder":"on","_et_pb_old_content":"","_et_gb_content_width":"","footnotes":""},"class_list":["post-125","page","type-page","status-publish","hentry"],"aioseo_notices":[],"_links":{"self":[{"href":"https:\/\/tediamant.dk\/da_dk\/wp-json\/wp\/v2\/pages\/125","targetHints":{"allow":["GET"]}}],"collection":[{"href":"https:\/\/tediamant.dk\/da_dk\/wp-json\/wp\/v2\/pages"}],"about":[{"href":"https:\/\/tediamant.dk\/da_dk\/wp-json\/wp\/v2\/types\/page"}],"author":[{"embeddable":true,"href":"https:\/\/tediamant.dk\/da_dk\/wp-json\/wp\/v2\/users\/1"}],"replies":[{"embeddable":true,"href":"https:\/\/tediamant.dk\/da_dk\/wp-json\/wp\/v2\/comments?post=125"}],"version-history":[{"count":91,"href":"https:\/\/tediamant.dk\/da_dk\/wp-json\/wp\/v2\/pages\/125\/revisions"}],"predecessor-version":[{"id":384,"href":"https:\/\/tediamant.dk\/da_dk\/wp-json\/wp\/v2\/pages\/125\/revisions\/384"}],"wp:attachment":[{"href":"https:\/\/tediamant.dk\/da_dk\/wp-json\/wp\/v2\/media?parent=125"}],"curies":[{"name":"wp","href":"https:\/\/api.w.org\/{rel}","templated":true}]}}