{"id":9,"date":"2020-05-29T13:59:36","date_gmt":"2020-05-29T11:59:36","guid":{"rendered":"http:\/\/tediamant.dk\/?page_id=9"},"modified":"2023-08-24T09:19:29","modified_gmt":"2023-08-24T07:19:29","slug":"om","status":"publish","type":"page","link":"https:\/\/tediamant.dk\/en\/om\/","title":{"rendered":"Diamantboring og sk\u00e6ring"},"content":{"rendered":"<p>[et_pb_section][et_pb_row][et_pb_column type=&#8221;4_4&#8243;][et_pb_text]<\/p>\r\n\r\n<p>Diamantboring er den ultimative l\u00f8sning, hvis man skal have boret huller i beton, v\u00e6gge, gulve eller andet murv\u00e6rk. Vi kan bore huller fra \u00d8 8mm og op til 1200 mm. Vi kan bore vandrette og lodrette huller samt smighuller eller boring nedefra og op.<\/p>\r\n<p>When we use diamond drilling instead of a concrete hammer, we avoid both noise and dust nuisances and post-repairs of masonry or the like. e.g. In this way, diamond drilling is the ideal solution.<\/p>\r\n<p>Diamantsk\u00e6ring er en rigtig god l\u00f8sning, hvis man skal have sk\u00e5ret ud til et\u00a0nyt\u00a0d\u00f8rhul, trappehul, vindueshul\u00a0eller \u00f8vrige \u00e5bninger i beton eller murv\u00e6rk.<\/p>\r\n<p>Ved at benytte sig af diamantsk\u00e6ring frem for den gamle kendte betonhammer slipper man for b\u00e5de st\u00f8j- og st\u00f8vgener, samt efterreparationer af murv\u00e6rk el. lign.<\/p>\r\n\r\n<p>[\/et_pb_text][\/et_pb_column][\/et_pb_row][\/et_pb_section]<\/p>","protected":false},"excerpt":{"rendered":"<p><div class=\"et_pb_section et_pb_section_0 et_section_regular\" >\n\t\t\t\t\n\t\t\t\t\n\t\t\t\t\n\t\t\t\t\n\t\t\t\t\n\t\t\t\t\n\t\t\t\t\n\t\t\t\t\n\t\t\t\t\n\t\t\t<\/div><div class=\"et_pb_row et_pb_row_0 et_pb_row_empty\">\n\t\t\t\t\n\t\t\t\t\n\t\t\t\t\n\t\t\t\t\n\t\t\t\t\n\t\t\t<\/div><div class=\"et_pb_module et_pb_text et_pb_text_0  et_pb_text_align_left et_pb_bg_layout_light\">\n\t\t\t\t\n\t\t\t\t\n\t\t\t\t\n\t\t\t\t\n\t\t\t\t\n\t\t\t<\/div> Diamantboring er den ultimative l\u00f8sning, hvis man skal have boret huller i beton, v\u00e6gge, gulve eller andet murv\u00e6rk. Vi kan bore huller fra \u00d8 8mm og op til 1200 mm. Vi kan bore vandrette og lodrette huller samt smighuller eller boring nedefra og op. N\u00e5r vi benytter diamantboring frem for en betonhammer slipper man [&hellip;]<\/p>","protected":false},"author":1,"featured_media":76,"parent":0,"menu_order":0,"comment_status":"closed","ping_status":"closed","template":"","meta":{"_et_pb_use_builder":"on","_et_pb_old_content":"<!-- wp:paragraph -->\r\n<p>Diamantboring er den ultimative l\u00f8sning, hvis man skal have boret huller i beton, v\u00e6gge, gulve eller andet murv\u00e6rk. Vi kan bore huller fra \u00d8 8mm og op til 1200 mm. Vi kan bore vandrette og lodrette huller samt smighuller eller boring nedefra og op.<\/p>\r\n<p>N\u00e5r vi benytter diamantboring frem for en betonhammer slipper man for b\u00e5de st\u00f8j- og st\u00f8vgener og efterreparationer af murv\u00e6rk el. lign.. P\u00e5 denne m\u00e5de er diamantboring den ideelle l\u00f8sning.<\/p>\r\n<p>Diamantsk\u00e6ring er en rigtig god l\u00f8sning, hvis man skal have sk\u00e5ret ud til et\u00a0nyt\u00a0d\u00f8rhul, trappehul, vindueshul\u00a0eller \u00f8vrige \u00e5bninger i beton eller murv\u00e6rk.<\/p>\r\n<p>Ved at benytte sig af diamantsk\u00e6ring frem for den gamle kendte betonhammer slipper man for b\u00e5de st\u00f8j- og st\u00f8vgener, samt efterreparationer af murv\u00e6rk el. lign.<\/p>\r\n<!-- \/wp:paragraph -->","_et_gb_content_width":"","footnotes":""},"class_list":["post-9","page","type-page","status-publish","has-post-thumbnail","hentry"],"aioseo_notices":[],"_links":{"self":[{"href":"https:\/\/tediamant.dk\/en\/wp-json\/wp\/v2\/pages\/9","targetHints":{"allow":["GET"]}}],"collection":[{"href":"https:\/\/tediamant.dk\/en\/wp-json\/wp\/v2\/pages"}],"about":[{"href":"https:\/\/tediamant.dk\/en\/wp-json\/wp\/v2\/types\/page"}],"author":[{"embeddable":true,"href":"https:\/\/tediamant.dk\/en\/wp-json\/wp\/v2\/users\/1"}],"replies":[{"embeddable":true,"href":"https:\/\/tediamant.dk\/en\/wp-json\/wp\/v2\/comments?post=9"}],"version-history":[{"count":6,"href":"https:\/\/tediamant.dk\/en\/wp-json\/wp\/v2\/pages\/9\/revisions"}],"predecessor-version":[{"id":369,"href":"https:\/\/tediamant.dk\/en\/wp-json\/wp\/v2\/pages\/9\/revisions\/369"}],"wp:featuredmedia":[{"embeddable":true,"href":"https:\/\/tediamant.dk\/en\/wp-json\/wp\/v2\/media\/76"}],"wp:attachment":[{"href":"https:\/\/tediamant.dk\/en\/wp-json\/wp\/v2\/media?parent=9"}],"curies":[{"name":"wp","href":"https:\/\/api.w.org\/{rel}","templated":true}]}}